{"id":2789,"date":"2012-03-23T10:03:08","date_gmt":"2012-03-23T16:03:08","guid":{"rendered":"http:\/\/alfonsoelpidio.com\/blog\/?page_id=2789"},"modified":"2017-02-04T11:58:03","modified_gmt":"2017-02-04T17:58:03","slug":"videos-aprendiendo-a-controlar-tus-emociones","status":"publish","type":"page","link":"https:\/\/www.alfonsoelpidio.com\/blog\/videos-aprendiendo-a-controlar-tus-emociones\/","title":{"rendered":"VIDEOS APRENDIENDO A CONTROLAR TUS EMOCIONES"},"content":{"rendered":"<p><img loading=\"lazy\" decoding=\"async\" class=\"alignleft size-thumbnail wp-image-10716\" src=\"http:\/\/www.alfonsoelpidio.com\/blog\/wp-content\/uploads\/2012\/03\/VIDEOS-APRENDIENDO-A-CONTROLAR-TUS-EMOCIONES-150x150.jpg\" alt=\"\" width=\"150\" height=\"150\" srcset=\"https:\/\/www.alfonsoelpidio.com\/blog\/wp-content\/uploads\/2012\/03\/VIDEOS-APRENDIENDO-A-CONTROLAR-TUS-EMOCIONES-150x150.jpg 150w, https:\/\/www.alfonsoelpidio.com\/blog\/wp-content\/uploads\/2012\/03\/VIDEOS-APRENDIENDO-A-CONTROLAR-TUS-EMOCIONES-49x49.jpg 49w\" sizes=\"auto, (max-width: 150px) 100vw, 150px\" \/>Videos aprendiendo a controlar tus emociones. \u00bfS.O.S. Alguien m\u00e1s que eliminar sus Problemas? De ansiedad, estr\u00e9s, inseguridad, insomnio miedos, Problemas con la familia, en el trabajo con los amigos En 5 semanas en una forma r\u00e1pida, fac\u00edl y efectiva. No busque mas .<\/p>\n<p>&nbsp;<\/p>\n<h4 style=\"text-align: center;\"><a href=\"http:\/\/alfonsoelpidio.com\/milibro\/control\/\">DA CLIK AHORA Y SOLUCIONA TUS PROBLEMAS<\/a><\/h4>\n<h4><\/h4>\n<p>\u00bfPor\u00a0 qu\u00e9 si no solucionas tus problemas de ansiedad, estres, inseguridad, insomnio, miedos tu estar\u00e1s atado a la programacion que tienes en tu subconsciente<\/p>\n<h2 style=\"text-align: center;\">VIDEOS APRENDIENDO A CONTROLAR TUS EMOCIONES<\/h2>\n<p>&nbsp;<\/p>\n<p><iframe loading=\"lazy\" src=\"http:\/\/www.youtube.com\/embed\/O71fQ1gTccU\" width=\"720\" height=\"450\" frameborder=\"0\" allowfullscreen=\"allowfullscreen\"><\/iframe><\/p>\n<h2 style=\"text-align: center;\">DEFINE TUS EMOCIONES<\/h2>\n<h2 style=\"text-align: center;\">VIDEOS APRENDIENDO A CONTROLAR TUS EMOCIONES<\/h2>\n<p><iframe loading=\"lazy\" src=\"http:\/\/www.youtube.com\/embed\/SitWfkfuwrE\" width=\"720\" height=\"450\" frameborder=\"0\" allowfullscreen=\"allowfullscreen\"><\/iframe><\/p>\n<p>&nbsp;<\/p>\n<h3 style=\"text-align: center;\">\u00bf POR QUE NO PUEDES CONTROLAR TUS EMOCIONES?<\/h3>\n<h3 style=\"text-align: center;\">VIDEOS APRENDIENDO A CONTROLAR TUS EMOCIONES<\/h3>\n<p>&nbsp;<\/p>\n<p><iframe loading=\"lazy\" src=\"http:\/\/www.youtube.com\/embed\/LzKgWcz5uVQ\" width=\"720\" height=\"450\" frameborder=\"0\" allowfullscreen=\"allowfullscreen\"><\/iframe><\/p>\n<p style=\"text-align: center;\">VIDEO QUE ES EL ESTR\u00c9S<\/p>\n<p><iframe loading=\"lazy\" src=\"http:\/\/www.youtube.com\/embed\/2oxV09GUACw\" width=\"720\" height=\"450\" frameborder=\"0\" allowfullscreen=\"allowfullscreen\"><\/iframe><\/p>\n<p style=\"text-align: center;\">VIDEO SALUD MENTAL<\/p>\n<p><iframe loading=\"lazy\" src=\"http:\/\/www.youtube.com\/embed\/ZGCbUVSwhEY\" width=\"720\" height=\"450\" frameborder=\"0\" allowfullscreen=\"allowfullscreen\"><\/iframe><\/p>\n<p style=\"text-align: center;\">VIDEOS APRENDIENDO A CONTROLAR TUS EMOCIONES<\/p>\n<p style=\"text-align: justify;\">\u00bfProblemas con tu control de emociones? Tienes problemas con tu familia, en el trabajo, con tus amigos. Tienes problemas de miedo, enojo, estr\u00e9s, ansiedad, depresi\u00f3n, auto estima baja, Toma acci\u00f3n y controla tus emociones en 5 semanas en una forma r\u00e1pida, f\u00e1cil y efectiva.\u00a0 DA CLIC AQUI AHORA<\/p>\n<p><b>Suscr\u00edbete y recibe completamente gratis el Capitulo 1 del Libro \u00abAPRENDIENDO A CONTROLAR TUS EMOCIONES\u00bb <script type=\"text\/javascript\" src=\"https:\/\/app.getresponse.com\/view_webform_v2.js?u=SVlr9&#038;webforms_id=8746103\"><\/script><\/b><\/p>\n","protected":false},"excerpt":{"rendered":"<p>Videos aprendiendo a controlar tus emociones. \u00bfS.O.S. Alguien m\u00e1s que eliminar sus Problemas? De ansiedad, estr\u00e9s, inseguridad, insomnio miedos, Problemas [&hellip;]<\/p>\n","protected":false},"author":1,"featured_media":10716,"parent":0,"menu_order":5,"comment_status":"open","ping_status":"open","template":"","meta":{"site-sidebar-layout":"default","site-content-layout":"","ast-site-content-layout":"default","site-content-style":"default","site-sidebar-style":"default","ast-global-header-display":"","ast-banner-title-visibility":"","ast-main-header-display":"","ast-hfb-above-header-display":"","ast-hfb-below-header-display":"","ast-hfb-mobile-header-display":"","site-post-title":"","ast-breadcrumbs-content":"","ast-featured-img":"","footer-sml-layout":"","ast-disable-related-posts":"","theme-transparent-header-meta":"","adv-header-id-meta":"","stick-header-meta":"","header-above-stick-meta":"","header-main-stick-meta":"","header-below-stick-meta":"","astra-migrate-meta-layouts":"default","ast-page-background-enabled":"default","ast-page-background-meta":{"desktop":{"background-color":"var(--ast-global-color-5)","background-image":"","background-repeat":"repeat","background-position":"center center","background-size":"auto","background-attachment":"scroll","background-type":"","background-media":"","overlay-type":"","overlay-color":"","overlay-opacity":"","overlay-gradient":""},"tablet":{"background-color":"","background-image":"","background-repeat":"repeat","background-position":"center center","background-size":"auto","background-attachment":"scroll","background-type":"","background-media":"","overlay-type":"","overlay-color":"","overlay-opacity":"","overlay-gradient":""},"mobile":{"background-color":"","background-image":"","background-repeat":"repeat","background-position":"center center","background-size":"auto","background-attachment":"scroll","background-type":"","background-media":"","overlay-type":"","overlay-color":"","overlay-opacity":"","overlay-gradient":""}},"ast-content-background-meta":{"desktop":{"background-color":"var(--ast-global-color-4)","background-image":"","background-repeat":"repeat","background-position":"center center","background-size":"auto","background-attachment":"scroll","background-type":"","background-media":"","overlay-type":"","overlay-color":"","overlay-opacity":"","overlay-gradient":""},"tablet":{"background-color":"var(--ast-global-color-4)","background-image":"","background-repeat":"repeat","background-position":"center center","background-size":"auto","background-attachment":"scroll","background-type":"","background-media":"","overlay-type":"","overlay-color":"","overlay-opacity":"","overlay-gradient":""},"mobile":{"background-color":"var(--ast-global-color-4)","background-image":"","background-repeat":"repeat","background-position":"center center","background-size":"auto","background-attachment":"scroll","background-type":"","background-media":"","overlay-type":"","overlay-color":"","overlay-opacity":"","overlay-gradient":""}},"jetpack_post_was_ever_published":false,"footnotes":""},"class_list":["post-2789","page","type-page","status-publish","has-post-thumbnail","hentry"],"jetpack_sharing_enabled":true,"jetpack_shortlink":"https:\/\/wp.me\/P1F6I9-IZ","_links":{"self":[{"href":"https:\/\/www.alfonsoelpidio.com\/blog\/wp-json\/wp\/v2\/pages\/2789","targetHints":{"allow":["GET"]}}],"collection":[{"href":"https:\/\/www.alfonsoelpidio.com\/blog\/wp-json\/wp\/v2\/pages"}],"about":[{"href":"https:\/\/www.alfonsoelpidio.com\/blog\/wp-json\/wp\/v2\/types\/page"}],"author":[{"embeddable":true,"href":"https:\/\/www.alfonsoelpidio.com\/blog\/wp-json\/wp\/v2\/users\/1"}],"replies":[{"embeddable":true,"href":"https:\/\/www.alfonsoelpidio.com\/blog\/wp-json\/wp\/v2\/comments?post=2789"}],"version-history":[{"count":15,"href":"https:\/\/www.alfonsoelpidio.com\/blog\/wp-json\/wp\/v2\/pages\/2789\/revisions"}],"predecessor-version":[{"id":10727,"href":"https:\/\/www.alfonsoelpidio.com\/blog\/wp-json\/wp\/v2\/pages\/2789\/revisions\/10727"}],"wp:featuredmedia":[{"embeddable":true,"href":"https:\/\/www.alfonsoelpidio.com\/blog\/wp-json\/wp\/v2\/media\/10716"}],"wp:attachment":[{"href":"https:\/\/www.alfonsoelpidio.com\/blog\/wp-json\/wp\/v2\/media?parent=2789"}],"curies":[{"name":"wp","href":"https:\/\/api.w.org\/{rel}","templated":true}]}}